{"id":953,"date":"2024-02-29T21:48:30","date_gmt":"2024-03-01T03:48:30","guid":{"rendered":"https:\/\/swarminsights.com\/?page_id=953"},"modified":"2024-03-13T00:12:38","modified_gmt":"2024-03-13T06:12:38","slug":"talent-influencer","status":"publish","type":"page","link":"https:\/\/swarminsights.com\/?page_id=953","title":{"rendered":"Talent &#038; Influencer"},"content":{"rendered":"\t\t<div data-elementor-type=\"wp-page\" data-elementor-id=\"953\" class=\"elementor elementor-953\" data-elementor-post-type=\"page\">\n\t\t\t\t<div class=\"elementor-element elementor-element-a887c7c e-flex e-con-boxed e-con e-parent\" data-id=\"a887c7c\" data-element_type=\"container\" data-e-type=\"container\" data-settings=\"{&quot;background_background&quot;:&quot;classic&quot;}\">\n\t\t\t\t\t<div class=\"e-con-inner\">\n\t\t\t\t\t<\/div>\n\t\t\t\t<\/div>\n\t\t<div class=\"elementor-element elementor-element-3329973 e-flex e-con-boxed e-con e-parent\" data-id=\"3329973\" data-element_type=\"container\" data-e-type=\"container\">\n\t\t\t\t\t<div class=\"e-con-inner\">\n\t\t\t\t<div class=\"elementor-element elementor-element-e49bf18 elementor-widget__width-initial elementor-widget elementor-widget-heading\" data-id=\"e49bf18\" data-element_type=\"widget\" data-e-type=\"widget\" data-widget_type=\"heading.default\">\n\t\t\t\t<div class=\"elementor-widget-container\">\n\t\t\t\t\t<h2 class=\"elementor-heading-title elementor-size-default\">\"NO TODO LO QUE BRILLA ES ORO\"<\/h2>\t\t\t\t<\/div>\n\t\t\t\t<\/div>\n\t\t\t\t\t<\/div>\n\t\t\t\t<\/div>\n\t\t<div class=\"elementor-element elementor-element-42e73df e-flex e-con-boxed e-con e-parent\" data-id=\"42e73df\" data-element_type=\"container\" data-e-type=\"container\" data-settings=\"{&quot;background_background&quot;:&quot;classic&quot;}\">\n\t\t\t\t\t<div class=\"e-con-inner\">\n\t\t\t\t<div class=\"elementor-element elementor-element-c7762c5 elementor-widget__width-initial elementor-widget-mobile__width-initial elementor-widget elementor-widget-text-editor\" data-id=\"c7762c5\" data-element_type=\"widget\" data-e-type=\"widget\" data-widget_type=\"text-editor.default\">\n\t\t\t\t<div class=\"elementor-widget-container\">\n\t\t\t\t\t\t\t\t\t<p>En el activo mundo del marketing digital, la colaboraci\u00f3n con influencers y talento se ha convertido en una herramienta muy poderosa para vincular a las marcas con audiencias; Pero \u201cno todo lo que brilla es oro\u201d y es necesario dar seguimiento y valorar el efecto m\u00e1s all\u00e1 de las m\u00e9tricas de construcci\u00f3n de tu marca, considerando la asociaci\u00f3n de contenido, la claridad del mensaje y elementos de reputaci\u00f3n.<\/p>\t\t\t\t\t\t\t\t<\/div>\n\t\t\t\t<\/div>\n\t\t\t\t<div class=\"elementor-element elementor-element-1d69838 elementor-widget elementor-widget-image\" data-id=\"1d69838\" data-element_type=\"widget\" data-e-type=\"widget\" data-widget_type=\"image.default\">\n\t\t\t\t<div class=\"elementor-widget-container\">\n\t\t\t\t\t\t\t\t\t\t\t\t\t\t\t<img fetchpriority=\"high\" decoding=\"async\" width=\"1024\" height=\"210\" src=\"https:\/\/swarminsights.com\/wp-content\/uploads\/2024\/02\/TALENTO-POWER-ADALIZA-DECIDE-CONECTA-min-1024x210.png\" class=\"attachment-large size-large wp-image-959\" alt=\"ANALIZA DECIDE CONECTA\" srcset=\"https:\/\/swarminsights.com\/wp-content\/uploads\/2024\/02\/TALENTO-POWER-ADALIZA-DECIDE-CONECTA-min-1024x210.png 1024w, https:\/\/swarminsights.com\/wp-content\/uploads\/2024\/02\/TALENTO-POWER-ADALIZA-DECIDE-CONECTA-min-300x61.png 300w, https:\/\/swarminsights.com\/wp-content\/uploads\/2024\/02\/TALENTO-POWER-ADALIZA-DECIDE-CONECTA-min-768x157.png 768w, https:\/\/swarminsights.com\/wp-content\/uploads\/2024\/02\/TALENTO-POWER-ADALIZA-DECIDE-CONECTA-min.png 1397w\" sizes=\"(max-width: 1024px) 100vw, 1024px\" \/>\t\t\t\t\t\t\t\t\t\t\t\t\t\t\t<\/div>\n\t\t\t\t<\/div>\n\t\t\t\t\t<\/div>\n\t\t\t\t<\/div>\n\t\t<div class=\"elementor-element elementor-element-5869af8 e-flex e-con-boxed e-con e-parent\" data-id=\"5869af8\" data-element_type=\"container\" data-e-type=\"container\" data-settings=\"{&quot;background_background&quot;:&quot;classic&quot;}\">\n\t\t\t\t\t<div class=\"e-con-inner\">\n\t\t\t\t<div class=\"elementor-element elementor-element-21bfbdf elementor-widget__width-initial elementor-widget elementor-widget-heading\" data-id=\"21bfbdf\" data-element_type=\"widget\" data-e-type=\"widget\" data-widget_type=\"heading.default\">\n\t\t\t\t<div class=\"elementor-widget-container\">\n\t\t\t\t\t<h2 class=\"elementor-heading-title elementor-size-default\">EVAL\u00daA EL EFECTO DE LA ESTRATEGIA DE TALENTO E INFLUENCERS Y LA CONTRIBUCI\u00d3N AL ROI DE TU MARCA<\/h2>\t\t\t\t<\/div>\n\t\t\t\t<\/div>\n\t\t\t\t\t<\/div>\n\t\t\t\t<\/div>\n\t\t<div class=\"elementor-element elementor-element-7f8242f e-flex e-con-boxed e-con e-parent\" data-id=\"7f8242f\" data-element_type=\"container\" data-e-type=\"container\" data-settings=\"{&quot;background_background&quot;:&quot;classic&quot;}\">\n\t\t\t\t\t<div class=\"e-con-inner\">\n\t\t<div class=\"elementor-element elementor-element-caaabe5 e-con-full e-flex e-con e-child\" data-id=\"caaabe5\" data-element_type=\"container\" data-e-type=\"container\">\n\t\t\t\t<div class=\"elementor-element elementor-element-4ee1211 elementor-widget elementor-widget-heading\" data-id=\"4ee1211\" data-element_type=\"widget\" data-e-type=\"widget\" data-widget_type=\"heading.default\">\n\t\t\t\t<div class=\"elementor-widget-container\">\n\t\t\t\t\t<h2 class=\"elementor-heading-title elementor-size-default\">1.<\/h2>\t\t\t\t<\/div>\n\t\t\t\t<\/div>\n\t\t\t\t<div class=\"elementor-element elementor-element-2dc8232 elementor-widget elementor-widget-text-editor\" data-id=\"2dc8232\" data-element_type=\"widget\" data-e-type=\"widget\" data-widget_type=\"text-editor.default\">\n\t\t\t\t<div class=\"elementor-widget-container\">\n\t\t\t\t\t\t\t\t\t<p>Los influencers son altamente recomendables si la estrategia de selecci\u00f3n m\u00e1s la valoraci\u00f3n de su impacto es adecuado.<\/p>\t\t\t\t\t\t\t\t<\/div>\n\t\t\t\t<\/div>\n\t\t\t\t<\/div>\n\t\t<div class=\"elementor-element elementor-element-2f3e8ab e-con-full e-flex e-con e-child\" data-id=\"2f3e8ab\" data-element_type=\"container\" data-e-type=\"container\">\n\t\t\t\t<div class=\"elementor-element elementor-element-1f0ffa4 elementor-widget elementor-widget-heading\" data-id=\"1f0ffa4\" data-element_type=\"widget\" data-e-type=\"widget\" data-widget_type=\"heading.default\">\n\t\t\t\t<div class=\"elementor-widget-container\">\n\t\t\t\t\t<h2 class=\"elementor-heading-title elementor-size-default\">2.<\/h2>\t\t\t\t<\/div>\n\t\t\t\t<\/div>\n\t\t\t\t<div class=\"elementor-element elementor-element-5240bab elementor-widget elementor-widget-text-editor\" data-id=\"5240bab\" data-element_type=\"widget\" data-e-type=\"widget\" data-widget_type=\"text-editor.default\">\n\t\t\t\t<div class=\"elementor-widget-container\">\n\t\t\t\t\t\t\t\t\t<p>Tomar en cuenta todas las m\u00e9tricas para encontrar al influencer adecuado.<\/p>\t\t\t\t\t\t\t\t<\/div>\n\t\t\t\t<\/div>\n\t\t\t\t<\/div>\n\t\t<div class=\"elementor-element elementor-element-ded33e8 e-con-full e-flex e-con e-child\" data-id=\"ded33e8\" data-element_type=\"container\" data-e-type=\"container\">\n\t\t\t\t<div class=\"elementor-element elementor-element-3bbb68a elementor-widget elementor-widget-heading\" data-id=\"3bbb68a\" data-element_type=\"widget\" data-e-type=\"widget\" data-widget_type=\"heading.default\">\n\t\t\t\t<div class=\"elementor-widget-container\">\n\t\t\t\t\t<h2 class=\"elementor-heading-title elementor-size-default\">3.<\/h2>\t\t\t\t<\/div>\n\t\t\t\t<\/div>\n\t\t\t\t<div class=\"elementor-element elementor-element-3737f3a elementor-widget elementor-widget-text-editor\" data-id=\"3737f3a\" data-element_type=\"widget\" data-e-type=\"widget\" data-widget_type=\"text-editor.default\">\n\t\t\t\t<div class=\"elementor-widget-container\">\n\t\t\t\t\t\t\t\t\t<p>Evaluar constantemente al influencer(s) de nuestra marca porque existen situaciones que pueden afectar su desempe\u00f1o (Saturaci\u00f3n publicitaria, pago por n\u00famero de seguidores, la duplicidad de seguidores, etc).<\/p>\t\t\t\t\t\t\t\t<\/div>\n\t\t\t\t<\/div>\n\t\t\t\t<\/div>\n\t\t\t\t\t<\/div>\n\t\t\t\t<\/div>\n\t\t<div class=\"elementor-element elementor-element-282bc31 e-flex e-con-boxed e-con e-parent\" data-id=\"282bc31\" data-element_type=\"container\" data-e-type=\"container\">\n\t\t\t\t\t<div class=\"e-con-inner\">\n\t\t<div class=\"elementor-element elementor-element-ecddf59 e-con-full e-flex e-con e-child\" data-id=\"ecddf59\" data-element_type=\"container\" data-e-type=\"container\">\n\t\t\t\t<div class=\"elementor-element elementor-element-ced5ae3 elementor-widget elementor-widget-image\" data-id=\"ced5ae3\" data-element_type=\"widget\" data-e-type=\"widget\" data-widget_type=\"image.default\">\n\t\t\t\t<div class=\"elementor-widget-container\">\n\t\t\t\t\t\t\t\t\t\t\t\t\t\t\t<img decoding=\"async\" width=\"475\" height=\"624\" src=\"https:\/\/swarminsights.com\/wp-content\/uploads\/2024\/02\/TALENT-INFLUENCER-IMAGE-min.png\" class=\"attachment-full size-full wp-image-973\" alt=\"TALENT INFLUENCER\" srcset=\"https:\/\/swarminsights.com\/wp-content\/uploads\/2024\/02\/TALENT-INFLUENCER-IMAGE-min.png 475w, https:\/\/swarminsights.com\/wp-content\/uploads\/2024\/02\/TALENT-INFLUENCER-IMAGE-min-228x300.png 228w\" sizes=\"(max-width: 475px) 100vw, 475px\" \/>\t\t\t\t\t\t\t\t\t\t\t\t\t\t\t<\/div>\n\t\t\t\t<\/div>\n\t\t\t\t<\/div>\n\t\t<div class=\"elementor-element elementor-element-4800471 e-con-full e-flex e-con e-child\" data-id=\"4800471\" data-element_type=\"container\" data-e-type=\"container\">\n\t\t\t\t<div class=\"elementor-element elementor-element-a65349e elementor-widget elementor-widget-text-editor\" data-id=\"a65349e\" data-element_type=\"widget\" data-e-type=\"widget\" data-widget_type=\"text-editor.default\">\n\t\t\t\t<div class=\"elementor-widget-container\">\n\t\t\t\t\t\t\t\t\t<p><span style=\"font-weight: 400;\">La <\/span><b>comunidad<\/b><span style=\"font-weight: 400;\"> del influencer fue <\/span><b>participativa<\/b><span style=\"font-weight: 400;\"> y logr\u00f3 conectar con el contenido de <\/span><b>Instagram<\/b><span style=\"font-weight: 400;\">.\u00a0<\/span><\/p><p><br \/><b>Destac\u00f3 la conversaci\u00f3n sobre la creatividad del anuncio<\/b><span style=\"font-weight: 400;\">, seguido por comentarios hacia <\/span><b>Robergrill<\/b><span style=\"font-weight: 400;\">, quien es percibido <\/span><b>af\u00edn a la marca,<\/b><span style=\"font-weight: 400;\"> destacando su score de <\/span><b>sentimiento positivo.<\/b><\/p>\t\t\t\t\t\t\t\t<\/div>\n\t\t\t\t<\/div>\n\t\t\t\t<\/div>\n\t\t\t\t\t<\/div>\n\t\t\t\t<\/div>\n\t\t<div class=\"elementor-element elementor-element-4ff9179 e-flex e-con-boxed e-con e-parent\" data-id=\"4ff9179\" data-element_type=\"container\" data-e-type=\"container\" data-settings=\"{&quot;background_background&quot;:&quot;classic&quot;}\">\n\t\t\t\t\t<div class=\"e-con-inner\">\n\t\t\t\t<div class=\"elementor-element elementor-element-cbd59be elementor-widget elementor-widget-image\" data-id=\"cbd59be\" data-element_type=\"widget\" data-e-type=\"widget\" data-widget_type=\"image.default\">\n\t\t\t\t<div class=\"elementor-widget-container\">\n\t\t\t\t\t\t\t\t\t\t\t\t\t\t\t<img decoding=\"async\" src=\"https:\/\/swarminsights.com\/wp-content\/uploads\/2024\/03\/TALENT-POWER-min.png\" title=\"TALENT POWER\" alt=\"TALENT POWER INFLUENCER\" loading=\"lazy\" \/>\t\t\t\t\t\t\t\t\t\t\t\t\t\t\t<\/div>\n\t\t\t\t<\/div>\n\t\t\t\t\t<\/div>\n\t\t\t\t<\/div>\n\t\t\t\t<\/div>\n\t\t","protected":false},"excerpt":{"rendered":"<p>\u00abNO TODO LO QUE BRILLA ES ORO\u00bb En el activo mundo del marketing digital, la colaboraci\u00f3n con influencers y talento [&hellip;]<\/p>\n","protected":false},"author":2,"featured_media":0,"parent":0,"menu_order":0,"comment_status":"closed","ping_status":"closed","template":"","meta":{"site-sidebar-layout":"no-sidebar","site-content-layout":"","ast-site-content-layout":"full-width-container","site-content-style":"default","site-sidebar-style":"default","ast-global-header-display":"","ast-banner-title-visibility":"","ast-main-header-display":"","ast-hfb-above-header-display":"","ast-hfb-below-header-display":"","ast-hfb-mobile-header-display":"","site-post-title":"disabled","ast-breadcrumbs-content":"","ast-featured-img":"disabled","footer-sml-layout":"","theme-transparent-header-meta":"","adv-header-id-meta":"","stick-header-meta":"","header-above-stick-meta":"","header-main-stick-meta":"","header-below-stick-meta":"","astra-migrate-meta-layouts":"default","ast-page-background-enabled":"default","ast-page-background-meta":{"desktop":{"background-color":"var(--ast-global-color-4)","background-image":"","background-repeat":"repeat","background-position":"center center","background-size":"auto","background-attachment":"scroll","background-type":"","background-media":"","overlay-type":"","overlay-color":"","overlay-opacity":"","overlay-gradient":""},"tablet":{"background-color":"","background-image":"","background-repeat":"repeat","background-position":"center center","background-size":"auto","background-attachment":"scroll","background-type":"","background-media":"","overlay-type":"","overlay-color":"","overlay-opacity":"","overlay-gradient":""},"mobile":{"background-color":"","background-image":"","background-repeat":"repeat","background-position":"center center","background-size":"auto","background-attachment":"scroll","background-type":"","background-media":"","overlay-type":"","overlay-color":"","overlay-opacity":"","overlay-gradient":""}},"ast-content-background-meta":{"desktop":{"background-color":"var(--ast-global-color-5)","background-image":"","background-repeat":"repeat","background-position":"center center","background-size":"auto","background-attachment":"scroll","background-type":"","background-media":"","overlay-type":"","overlay-color":"","overlay-opacity":"","overlay-gradient":""},"tablet":{"background-color":"var(--ast-global-color-5)","background-image":"","background-repeat":"repeat","background-position":"center center","background-size":"auto","background-attachment":"scroll","background-type":"","background-media":"","overlay-type":"","overlay-color":"","overlay-opacity":"","overlay-gradient":""},"mobile":{"background-color":"var(--ast-global-color-5)","background-image":"","background-repeat":"repeat","background-position":"center center","background-size":"auto","background-attachment":"scroll","background-type":"","background-media":"","overlay-type":"","overlay-color":"","overlay-opacity":"","overlay-gradient":""}},"footnotes":""},"class_list":["post-953","page","type-page","status-publish","hentry"],"_links":{"self":[{"href":"https:\/\/swarminsights.com\/index.php?rest_route=\/wp\/v2\/pages\/953","targetHints":{"allow":["GET"]}}],"collection":[{"href":"https:\/\/swarminsights.com\/index.php?rest_route=\/wp\/v2\/pages"}],"about":[{"href":"https:\/\/swarminsights.com\/index.php?rest_route=\/wp\/v2\/types\/page"}],"author":[{"embeddable":true,"href":"https:\/\/swarminsights.com\/index.php?rest_route=\/wp\/v2\/users\/2"}],"replies":[{"embeddable":true,"href":"https:\/\/swarminsights.com\/index.php?rest_route=%2Fwp%2Fv2%2Fcomments&post=953"}],"version-history":[{"count":21,"href":"https:\/\/swarminsights.com\/index.php?rest_route=\/wp\/v2\/pages\/953\/revisions"}],"predecessor-version":[{"id":1265,"href":"https:\/\/swarminsights.com\/index.php?rest_route=\/wp\/v2\/pages\/953\/revisions\/1265"}],"wp:attachment":[{"href":"https:\/\/swarminsights.com\/index.php?rest_route=%2Fwp%2Fv2%2Fmedia&parent=953"}],"curies":[{"name":"wp","href":"https:\/\/api.w.org\/{rel}","templated":true}]}}