{"id":1447,"date":"2024-03-23T19:16:27","date_gmt":"2024-03-24T01:16:27","guid":{"rendered":"https:\/\/swarminsights.com\/?page_id=1447"},"modified":"2024-03-23T19:18:47","modified_gmt":"2024-03-24T01:18:47","slug":"politica-de-cookies","status":"publish","type":"page","link":"https:\/\/swarminsights.com\/?page_id=1447","title":{"rendered":"Pol\u00edtica de Cookies"},"content":{"rendered":"\t\t<div data-elementor-type=\"wp-page\" data-elementor-id=\"1447\" class=\"elementor elementor-1447\" data-elementor-post-type=\"page\">\n\t\t\t\t<div class=\"elementor-element elementor-element-7d99191 e-flex e-con-boxed e-con e-parent\" data-id=\"7d99191\" data-element_type=\"container\" data-e-type=\"container\">\n\t\t\t\t\t<div class=\"e-con-inner\">\n\t\t\t\t<div class=\"elementor-element elementor-element-91be1c2 elementor-widget elementor-widget-heading\" data-id=\"91be1c2\" data-element_type=\"widget\" data-e-type=\"widget\" data-widget_type=\"heading.default\">\n\t\t\t\t<div class=\"elementor-widget-container\">\n\t\t\t\t\t<h2 class=\"elementor-heading-title elementor-size-default\">Pol\u00edtica de Cookies<\/h2>\t\t\t\t<\/div>\n\t\t\t\t<\/div>\n\t\t\t\t<div class=\"elementor-element elementor-element-5fffafd elementor-widget elementor-widget-text-editor\" data-id=\"5fffafd\" data-element_type=\"widget\" data-e-type=\"widget\" data-widget_type=\"text-editor.default\">\n\t\t\t\t<div class=\"elementor-widget-container\">\n\t\t\t\t\t\t\t\t\t<ol><li>Uso de cookies<br \/>La p\u00e1gina web swarminsights.com titularidad Swarm People &amp; Data con domicilio social en Gral. Benjam\u00edn Hill 1, Piso 1, Hip\u00f3drimo Condesa, Cuahut\u00e9moc C.P. 6100 en CDMX, M\u00e9xico, utiliza cookies.<\/li><\/ol><p><br \/>Las cookies son ficheros que se descargan en su ordenador al acceder a determinadas p\u00e1ginas web. Las cookies permiten a una p\u00e1gina web, entre otras cosas, almacenar y recuperar informaci\u00f3n sobre los h\u00e1bitos de navegaci\u00f3n de un usuario o de su equipo y, dependiendo de la informaci\u00f3n que contengan y de la forma en que utilice su equipo.<\/p><p><br \/>Adem\u00e1s, mejoran su proceso de navegaci\u00f3n, ya que permiten que la p\u00e1gina web ofrezca al usuario informaci\u00f3n que puede ser de su inter\u00e9s en funci\u00f3n del uso que realice, del contenido de la misma.<\/p><p><br \/>En caso de no querer recibir cookies, por favor configure su navegador de Internet, para que las borre del disco duro de su ordenador, las bloquee o le avise en caso de instalaci\u00f3n de las mismas. Para continuar sin cambios en la configuraci\u00f3n de las cookies, simplemente, contin\u00fae en la p\u00e1gina web.<\/p><ol start=\"2\"><li><br \/>Consentimiento<br \/>Las cookies que utilizamos no almacenan datos personales, ni ning\u00fan tipo de informaci\u00f3n que pueda identificarle, salvo que quiera registrarse, de forma voluntaria con el fin de utilizar los servicios que ponemos a su disposici\u00f3n o de recibir informaci\u00f3n sobre promociones y contenidos de su inter\u00e9s.<\/li><\/ol><p><br \/>Al navegar por primera vez por aparecer\u00e1 un banner explicativo del uso de las cookies. Podr\u00e1 aceptar todas las cookies o bien elegir si desea solo aceptar solo las cookies esenciales o t\u00e9cnicas, que son necesarias para el correcto funcionamiento para la p\u00e1gina web; excluyendo las cookies anal\u00edticas y de publicidad. Este consentimiento es v\u00e1lido por un periodo de 13 meses. En caso de no estar de acuerdo puede enviar un correo electr\u00f3nico a contacto@swarminsights.com<\/p><ol start=\"3\"><li><br \/>Tipos y finalidad de las cookies<br \/>Las Cookies, en funci\u00f3n de su permanencia, pueden clasificarse en:<\/li><\/ol><p><br \/>Cookies de sesi\u00f3n: expiran cuando el usuario cierra el navegador.<\/p><p><br \/>Cookies persistentes: expiran en funci\u00f3n cuando se cumpla el objetivo para el que sirven (por ejemplo, para que el usuario se mantenga identificado en la p\u00e1gina web y en los servicios de la misma o bien cuando se borran manualmente).<\/p><p><br \/>Las cookies en funci\u00f3n de su objetivo pueden clasificarse de la siguiente forma:<\/p><p><br \/>Cookies de rendimiento (t\u00e9cnicas y de personalizaci\u00f3n): Este tipo de cookie recuerda sus preferencias para las herramientas que se encuentran en los servicios, por lo que no tiene que volver a configurar el servicio cada vez que usted visita. A modo de ejemplo, en esta tipolog\u00eda se incluyen: ajustes de volumen de reproductores de v\u00eddeo o sonido y las velocidades de transmisi\u00f3n de v\u00eddeo que sean compatibles con su navegador.<\/p><p>\u200b<\/p><p>Cookies de geo-localizaci\u00f3n: Estas Cookies son utilizadas para averiguar en qu\u00e9 pa\u00eds se encuentra cuando se solicita un servicio. Esta Cookie es totalmente an\u00f3nima, y s\u00f3lo se utiliza para ayudar a orientar el contenido a su ubicaci\u00f3n.<\/p><p><br \/>Cookies de registro (t\u00e9cnicas y de personalizaci\u00f3n): Las Cookies de registro se generan una vez que el usuario se ha registrado o posteriormente ha abierto su sesi\u00f3n, y se utilizan para identificarle en los servicios con los siguientes objetivos:<br \/>Mantener al Usuario identificado de forma que, si cierra un servicio, el navegador o el ordenador y en otro momento u otro d\u00eda vuelve a entrar en dicho servicio, seguir\u00e1 identificado, facilitando as\u00ed su navegaci\u00f3n sin tener que volver a identificarse. Esta funcionalidad se puede suprimir si el usuario pulsa la funcionalidad \u201ccerrar sesi\u00f3n\u201d, de forma que esta Cookie se elimina y la pr\u00f3xima vez que entre en el servicio el usuario tendr\u00e1 que iniciar sesi\u00f3n para estar identificado.<\/p><p><br \/>Comprobar si el usuario est\u00e1 autorizado para acceder a ciertos servicios, por ejemplo, para participar en un concurso.<\/p><p><br \/>Cookies de anal\u00edticas: Cada vez que un Usuario visita un servicio o informaci\u00f3n de la p\u00e1gina web o una herramienta de un proveedor externo (Google Analytics, Comscore y similares que podr\u00e1n a\u00f1adirse a este listado en caso de que var\u00eden en relaci\u00f3n con los actuales) genera una cookie anal\u00edtica en el ordenador del usuario. Esta cookie que s\u00f3lo se genera en la visita, servir\u00e1 en pr\u00f3ximas visitas a los servicios de la p\u00e1gina web para identificar de forma an\u00f3nima al visitante. Los objetivos principales que se persiguen son:<\/p><p><br \/>Permitir la identificaci\u00f3n an\u00f3nima de los usuarios navegantes a trav\u00e9s de la cookie (identifica navegadores y dispositivos, no personas) y por lo tanto la contabilizaci\u00f3n aproximada del n\u00famero de visitantes y su tendencia en el tiempo.<br \/>Identificar de forma an\u00f3nima los contenidos m\u00e1s visitados y por lo tanto m\u00e1s atractivos para los usuarios.<\/p><p><br \/>Saber si el usuario que est\u00e1 accediendo es nuevo o repite visita. Importante: Salvo que el usuario decida registrarse en alg\u00fan servicio o contenido de la p\u00e1gina web, la cookie nunca ir\u00e1 asociada a ning\u00fan dato de car\u00e1cter personal que pueda identificarle. Dichas Cookies s\u00f3lo ser\u00e1n utilizadas con prop\u00f3sitos estad\u00edsticos que ayuden a la optimizaci\u00f3n de la experiencia de los usuarios en la p\u00e1gina web.<\/p><p>\u00a0<\/p><p>Cookies publicitarias de terceros: Adem\u00e1s de la publicidad gestionada por la p\u00e1gina web en sus contenidos o servicios, podr\u00e1 ofrecer a sus anunciantes la opci\u00f3n de servir anuncios a trav\u00e9s de terceros (\u201cAdServers\u201d). De este modo, estos terceros pueden almacenar cookies enviadas desde los contenidos de la p\u00e1gina web procedentes de los navegadores de los Usuarios, as\u00ed como acceder a los datos que en ellas se guardan. Las empresas que generan estas Cookies tienen sus propias pol\u00edticas de privacidad.<\/p><ol start=\"4\"><li><br \/>C\u00f3mo bloquear o eliminar las cookies instaladas<br \/>Puede usted permitir, bloquear o eliminar las cookies instaladas en su equipo mediante la configuraci\u00f3n de las opciones de su navegador. Puede encontrar informaci\u00f3n sobre c\u00f3mo hacerlo, en relaci\u00f3n con los<br \/>navegadores m\u00e1s comunes, en los links que se incluyen a continuaci\u00f3n:<br \/>Explorer: https:\/\/support.microsoft.com\/es-es\/kb\/278835<br \/>Chrome: http:\/\/support.google.com\/chrome\/bin\/answer.py?hl=es&amp;answer=95647<br \/>Firefox: https:\/\/support.mozilla.org\/es\/kb\/Borrar%20cookies<br \/>Safari: http:\/\/support.apple.com\/kb\/ph5042<\/li><\/ol><p>\u200b<\/p><p>Le informamos, no obstante, de la posibilidad de que la desactivaci\u00f3n de alguna cookie impida o dificulte la navegaci\u00f3n o la prestaci\u00f3n de los servicios ofrecidos en la p\u00e1gina web.<\/p><ol start=\"5\"><li><br \/>Modificaciones<br \/>La p\u00e1gina web <a href=\"http:\/\/www.swarminsights.com\">www.swarminsights.com<\/a> con titularidad de Swarm People &amp; Data con domicilio social en en Gral. Benjam\u00edn Hill 1, Piso 1, Hip\u00f3drimo Condesa, Cuahut\u00e9moc C.P. 6100 en CDMX, M\u00e9xico, puede modificar esta pol\u00edtica de cookies en funci\u00f3n de exigencias legales, o con la finalidad de adaptar dicha pol\u00edtica a las instrucciones dictadas por la Agencia de Protecci\u00f3n de Datos.<\/li><\/ol><p><br \/>Por esta raz\u00f3n, aconsejamos a los usuarios que la visiten peri\u00f3dicamente. Cuando se produzcan cambios significativos en esta pol\u00edtica de cookies, se comunicar\u00e1n a los usuarios bien mediante la web o a trav\u00e9s de correo electr\u00f3nico a los usuarios registrados.<\/p><p>\u00a0<\/p>\t\t\t\t\t\t\t\t<\/div>\n\t\t\t\t<\/div>\n\t\t\t\t\t<\/div>\n\t\t\t\t<\/div>\n\t\t\t\t<\/div>\n\t\t","protected":false},"excerpt":{"rendered":"<p>Pol\u00edtica de Cookies Uso de cookiesLa p\u00e1gina web swarminsights.com titularidad Swarm People &amp; Data con domicilio social en Gral. Benjam\u00edn [&hellip;]<\/p>\n","protected":false},"author":2,"featured_media":0,"parent":0,"menu_order":0,"comment_status":"closed","ping_status":"closed","template":"","meta":{"site-sidebar-layout":"no-sidebar","site-content-layout":"","ast-site-content-layout":"full-width-container","site-content-style":"default","site-sidebar-style":"default","ast-global-header-display":"","ast-banner-title-visibility":"","ast-main-header-display":"","ast-hfb-above-header-display":"","ast-hfb-below-header-display":"","ast-hfb-mobile-header-display":"","site-post-title":"disabled","ast-breadcrumbs-content":"","ast-featured-img":"disabled","footer-sml-layout":"","theme-transparent-header-meta":"","adv-header-id-meta":"","stick-header-meta":"","header-above-stick-meta":"","header-main-stick-meta":"","header-below-stick-meta":"","astra-migrate-meta-layouts":"default","ast-page-background-enabled":"default","ast-page-background-meta":{"desktop":{"background-color":"var(--ast-global-color-4)","background-image":"","background-repeat":"repeat","background-position":"center center","background-size":"auto","background-attachment":"scroll","background-type":"","background-media":"","overlay-type":"","overlay-color":"","overlay-opacity":"","overlay-gradient":""},"tablet":{"background-color":"","background-image":"","background-repeat":"repeat","background-position":"center center","background-size":"auto","background-attachment":"scroll","background-type":"","background-media":"","overlay-type":"","overlay-color":"","overlay-opacity":"","overlay-gradient":""},"mobile":{"background-color":"","background-image":"","background-repeat":"repeat","background-position":"center center","background-size":"auto","background-attachment":"scroll","background-type":"","background-media":"","overlay-type":"","overlay-color":"","overlay-opacity":"","overlay-gradient":""}},"ast-content-background-meta":{"desktop":{"background-color":"var(--ast-global-color-5)","background-image":"","background-repeat":"repeat","background-position":"center center","background-size":"auto","background-attachment":"scroll","background-type":"","background-media":"","overlay-type":"","overlay-color":"","overlay-opacity":"","overlay-gradient":""},"tablet":{"background-color":"var(--ast-global-color-5)","background-image":"","background-repeat":"repeat","background-position":"center center","background-size":"auto","background-attachment":"scroll","background-type":"","background-media":"","overlay-type":"","overlay-color":"","overlay-opacity":"","overlay-gradient":""},"mobile":{"background-color":"var(--ast-global-color-5)","background-image":"","background-repeat":"repeat","background-position":"center center","background-size":"auto","background-attachment":"scroll","background-type":"","background-media":"","overlay-type":"","overlay-color":"","overlay-opacity":"","overlay-gradient":""}},"footnotes":""},"class_list":["post-1447","page","type-page","status-publish","hentry"],"_links":{"self":[{"href":"https:\/\/swarminsights.com\/index.php?rest_route=\/wp\/v2\/pages\/1447","targetHints":{"allow":["GET"]}}],"collection":[{"href":"https:\/\/swarminsights.com\/index.php?rest_route=\/wp\/v2\/pages"}],"about":[{"href":"https:\/\/swarminsights.com\/index.php?rest_route=\/wp\/v2\/types\/page"}],"author":[{"embeddable":true,"href":"https:\/\/swarminsights.com\/index.php?rest_route=\/wp\/v2\/users\/2"}],"replies":[{"embeddable":true,"href":"https:\/\/swarminsights.com\/index.php?rest_route=%2Fwp%2Fv2%2Fcomments&post=1447"}],"version-history":[{"count":4,"href":"https:\/\/swarminsights.com\/index.php?rest_route=\/wp\/v2\/pages\/1447\/revisions"}],"predecessor-version":[{"id":1451,"href":"https:\/\/swarminsights.com\/index.php?rest_route=\/wp\/v2\/pages\/1447\/revisions\/1451"}],"wp:attachment":[{"href":"https:\/\/swarminsights.com\/index.php?rest_route=%2Fwp%2Fv2%2Fmedia&parent=1447"}],"curies":[{"name":"wp","href":"https:\/\/api.w.org\/{rel}","templated":true}]}}