{"id":1427,"date":"2024-03-23T18:43:46","date_gmt":"2024-03-24T00:43:46","guid":{"rendered":"https:\/\/swarminsights.com\/?page_id=1427"},"modified":"2024-03-23T18:50:10","modified_gmt":"2024-03-24T00:50:10","slug":"aviso-de-privacidad","status":"publish","type":"page","link":"https:\/\/swarminsights.com\/?page_id=1427","title":{"rendered":"Aviso de Privacidad"},"content":{"rendered":"\t\t<div data-elementor-type=\"wp-page\" data-elementor-id=\"1427\" class=\"elementor elementor-1427\" data-elementor-post-type=\"page\">\n\t\t\t\t<div class=\"elementor-element elementor-element-c30ef67 e-flex e-con-boxed e-con e-parent\" data-id=\"c30ef67\" data-element_type=\"container\" data-e-type=\"container\">\n\t\t\t\t\t<div class=\"e-con-inner\">\n\t\t\t\t<div class=\"elementor-element elementor-element-7d369b0 elementor-widget elementor-widget-heading\" data-id=\"7d369b0\" data-element_type=\"widget\" data-e-type=\"widget\" data-widget_type=\"heading.default\">\n\t\t\t\t<div class=\"elementor-widget-container\">\n\t\t\t\t\t<h2 class=\"elementor-heading-title elementor-size-default\">Aviso de Privacidad<\/h2>\t\t\t\t<\/div>\n\t\t\t\t<\/div>\n\t\t\t\t<div class=\"elementor-element elementor-element-fc898af elementor-widget elementor-widget-text-editor\" data-id=\"fc898af\" data-element_type=\"widget\" data-e-type=\"widget\" data-widget_type=\"text-editor.default\">\n\t\t\t\t<div class=\"elementor-widget-container\">\n\t\t\t\t\t\t\t\t\t<p><span style=\"font-weight: 400;\">SWARM RESEARCH S.A. DE C.V. (nombre comercial: SWARM RESEARCH) con domicilio en Benjamin Hill #1 piso 1, Colonia Cuauht\u00e9moc, C.P. 06100, Ciudad de M\u00e9xico, M\u00e9xico, es el responsable del uso y protecci\u00f3n de sus datos personales, y al respecto le informamos lo siguiente:\u00a0<\/span><\/p><p>\u00a0<\/p><p><span style=\"font-weight: 400;\">Departamento de Privacidad\u00a0<\/span><\/p><p><span style=\"font-weight: 400;\">Para atender cualquier solicitud acerca del ejercicio de sus derechos ARCO, para la revocaci\u00f3n del consentimiento que nos haya otorgado del tratamiento de sus datos personales, para limitar el uso o divulgaci\u00f3n de sus datos, o acerca de las finalidades para el tratamiento de sus datos personales, ponemos a su disposici\u00f3n nuestro Departamento de Privacidad en los siguientes medios de contacto:\u00a0<\/span><\/p><p><span style=\"font-weight: 400;\">Departamento de Privacidad Correo electr\u00f3nico: rh@swarm.lat<\/span><\/p><p><span style=\"font-weight: 400;\">Para poder comunicarnos con usted, necesitamos los siguientes datos personales y de contacto en su solicitud:\u00a0<\/span><\/p><ul><li style=\"font-weight: 400;\" aria-level=\"1\"><span style=\"font-weight: 400;\">Nombre del titular\u00a0<\/span><\/li><li style=\"font-weight: 400;\" aria-level=\"1\"><span style=\"font-weight: 400;\">Carta de autorizaci\u00f3n en caso de que la solicitud la haga otra persona que no sea el titular\u00a0<\/span><\/li><li style=\"font-weight: 400;\" aria-level=\"1\"><span style=\"font-weight: 400;\">Copia de identificaci\u00f3n del titular\u00a0<\/span><\/li><li style=\"font-weight: 400;\" aria-level=\"1\"><span style=\"font-weight: 400;\">Correo electr\u00f3nico<\/span><\/li><li style=\"font-weight: 400;\" aria-level=\"1\"><span style=\"font-weight: 400;\">Tel\u00e9fono<\/span><\/li><\/ul><p><span style=\"font-weight: 400;\">Despu\u00e9s de recibir su solicitud, recibir\u00e1 nuestra respuesta en un plazo m\u00e1ximo de veinte d\u00edas h\u00e1biles por los medios de contacto que nos proporcione.\u00a0<\/span><\/p><p>\u00a0<\/p><p><span style=\"font-weight: 400;\">\u00bfPara qu\u00e9 fines utilizaremos sus datos personales?\u00a0<\/span><\/p><p><span style=\"font-weight: 400;\">Los datos personales que recabamos de usted, los utilizaremos para las siguientes finalidades que son necesarias para el servicio que solicita:\u00a0<\/span><\/p><ul><li style=\"font-weight: 400;\" aria-level=\"1\"><span style=\"font-weight: 400;\">Para fines de contacto\u00a0<\/span><\/li><li style=\"font-weight: 400;\" aria-level=\"1\"><span style=\"font-weight: 400;\">Para enviar informaci\u00f3n previamente solicitada<\/span><\/li><\/ul><p>\u00a0<\/p><p><span style=\"font-weight: 400;\">\u00bfQu\u00e9 datos personales utilizaremos para estos fines?\u00a0<\/span><\/p><p><span style=\"font-weight: 400;\">Para llevar a cabo las finalidades descritas en el presente Aviso de Privacidad, utilizaremos los siguientes datos personales:\u00a0<\/span><\/p><ul><li style=\"font-weight: 400;\" aria-level=\"1\"><span style=\"font-weight: 400;\">Datos de contacto\u00a0<\/span><\/li><\/ul><p>\u00a0<\/p><p><span style=\"font-weight: 400;\">\u00bfC\u00f3mo puede Acceder, Rectificar o Cancelar sus datos personales u Oponerse a su uso?\u00a0<\/span><\/p><p><span style=\"font-weight: 400;\">Usted tiene derecho a conocer qu\u00e9 datos personales tenemos de usted, para qu\u00e9 los utilizamos y las condiciones del uso que les damos (Acceso). Asimismo, es su derecho solicitar la correcci\u00f3n de su informaci\u00f3n personal en caso de que est\u00e9 desactualizada, sea inexacta o incompleta (Rectificaci\u00f3n); que la eliminemos de nuestros registros o bases de datos cuando considere que la misma no est\u00e1 siendo utilizada conforme a los principios, deberes y obligaciones previstas en la normativa (Cancelaci\u00f3n); as\u00ed como oponerse al uso de sus datos personales para fines espec\u00edficos (Oposici\u00f3n). Estos derechos se conocen como derechos ARCO.\u00a0<\/span><\/p><p><span style=\"font-weight: 400;\">Si usted desea ejercer sus derechos ARCO, lo podr\u00e1 hacer contactando con nuestro Departamento de Privacidad en los medios establecidos en el presente aviso.\u00a0<\/span><\/p><p>\u00a0<\/p><p><span style=\"font-weight: 400;\">\u00bfC\u00f3mo puede revocar su consentimiento para el uso de sus datos personales?\u00a0<\/span><\/p><p><span style=\"font-weight: 400;\">Usted puede revocar el consentimiento que, en su caso, nos haya otorgado para el tratamiento de sus datos personales. Sin embargo, es importante que tenga en cuenta que no en todos los casos podremos atender su solicitud o concluir el uso de forma inmediata, ya que es posible que por alguna obligaci\u00f3n legal requerimos seguir tratando sus datos personales. Asimismo, usted deber\u00e1 considerar qu\u00e9 para ciertos fines, la revocaci\u00f3n de su consentimiento implica que no le podamos seguir prestando el servicio que nos solicit\u00f3, o la conclusi\u00f3n de su relaci\u00f3n con nosotros.\u00a0<\/span><\/p><p>\u00a0<\/p><p><span style=\"font-weight: 400;\">Para conocer el procedimiento y requisitos para la revocaci\u00f3n de su consentimiento, usted podr\u00e1 ponerse en contacto con nuestro Departamento de Privacidad a trav\u00e9s de los medios especificados en el presente aviso.\u00a0<\/span><\/p><p>\u00a0<\/p><p><span style=\"font-weight: 400;\">\u00bfC\u00f3mo puede limitar el uso o divulgaci\u00f3n de su informaci\u00f3n personal?\u00a0<\/span><\/p><p><span style=\"font-weight: 400;\">Si usted desea limitar el uso o divulgaci\u00f3n de su informaci\u00f3n personal podr\u00e1 solicitarlo a nuestro Departamento de Privacidad a trav\u00e9s de los medios especificados en el presente aviso.\u00a0<\/span><\/p><p><span style=\"font-weight: 400;\">Adicionalmente, podemos poner a su disposici\u00f3n procedimientos y mecanismos espec\u00edficos mediante los cuales puede limitar el uso de su informaci\u00f3n personal. Estos procedimientos y mecanismos espec\u00edficos se informar\u00e1n a trav\u00e9s de los medios que utilicemos para comunicarnos con usted u otros que consideremos adecuados.\u00a0<\/span><\/p><p>\u00a0<\/p><p><span style=\"font-weight: 400;\">\u00bfC\u00f3mo puede conocer los cambios a este Aviso de Privacidad?\u00a0<\/span><\/p><p><span style=\"font-weight: 400;\">El presente Aviso de Privacidad puede sufrir modificaciones, cambios o actualizaciones derivadas de nuevos requerimientos legales; de nuestras propias necesidades por los productos o servicios que ofrecemos; de nuestras pr\u00e1cticas de privacidad; de cambios en nuestro modelo de negocio, o por otras causas.\u00a0<\/span><\/p><p><span style=\"font-weight: 400;\">Nos comprometemos a mantenerlo informado sobre los cambios que pueda sufrir el presente Aviso de Privacidad a trav\u00e9s de los medios de contacto que nos proporcione en su registro.\u00a0<\/span><\/p><p><br \/><br \/><br \/><\/p>\t\t\t\t\t\t\t\t<\/div>\n\t\t\t\t<\/div>\n\t\t\t\t\t<\/div>\n\t\t\t\t<\/div>\n\t\t\t\t<\/div>\n\t\t","protected":false},"excerpt":{"rendered":"<p>Aviso de Privacidad SWARM RESEARCH S.A. DE C.V. (nombre comercial: SWARM RESEARCH) con domicilio en Benjamin Hill #1 piso 1, [&hellip;]<\/p>\n","protected":false},"author":2,"featured_media":0,"parent":0,"menu_order":0,"comment_status":"closed","ping_status":"closed","template":"","meta":{"site-sidebar-layout":"no-sidebar","site-content-layout":"","ast-site-content-layout":"full-width-container","site-content-style":"default","site-sidebar-style":"default","ast-global-header-display":"","ast-banner-title-visibility":"","ast-main-header-display":"","ast-hfb-above-header-display":"","ast-hfb-below-header-display":"","ast-hfb-mobile-header-display":"","site-post-title":"disabled","ast-breadcrumbs-content":"","ast-featured-img":"disabled","footer-sml-layout":"","theme-transparent-header-meta":"","adv-header-id-meta":"","stick-header-meta":"","header-above-stick-meta":"","header-main-stick-meta":"","header-below-stick-meta":"","astra-migrate-meta-layouts":"default","ast-page-background-enabled":"default","ast-page-background-meta":{"desktop":{"background-color":"var(--ast-global-color-4)","background-image":"","background-repeat":"repeat","background-position":"center center","background-size":"auto","background-attachment":"scroll","background-type":"","background-media":"","overlay-type":"","overlay-color":"","overlay-opacity":"","overlay-gradient":""},"tablet":{"background-color":"","background-image":"","background-repeat":"repeat","background-position":"center center","background-size":"auto","background-attachment":"scroll","background-type":"","background-media":"","overlay-type":"","overlay-color":"","overlay-opacity":"","overlay-gradient":""},"mobile":{"background-color":"","background-image":"","background-repeat":"repeat","background-position":"center center","background-size":"auto","background-attachment":"scroll","background-type":"","background-media":"","overlay-type":"","overlay-color":"","overlay-opacity":"","overlay-gradient":""}},"ast-content-background-meta":{"desktop":{"background-color":"var(--ast-global-color-5)","background-image":"","background-repeat":"repeat","background-position":"center center","background-size":"auto","background-attachment":"scroll","background-type":"","background-media":"","overlay-type":"","overlay-color":"","overlay-opacity":"","overlay-gradient":""},"tablet":{"background-color":"var(--ast-global-color-5)","background-image":"","background-repeat":"repeat","background-position":"center center","background-size":"auto","background-attachment":"scroll","background-type":"","background-media":"","overlay-type":"","overlay-color":"","overlay-opacity":"","overlay-gradient":""},"mobile":{"background-color":"var(--ast-global-color-5)","background-image":"","background-repeat":"repeat","background-position":"center center","background-size":"auto","background-attachment":"scroll","background-type":"","background-media":"","overlay-type":"","overlay-color":"","overlay-opacity":"","overlay-gradient":""}},"footnotes":""},"class_list":["post-1427","page","type-page","status-publish","hentry"],"_links":{"self":[{"href":"https:\/\/swarminsights.com\/index.php?rest_route=\/wp\/v2\/pages\/1427","targetHints":{"allow":["GET"]}}],"collection":[{"href":"https:\/\/swarminsights.com\/index.php?rest_route=\/wp\/v2\/pages"}],"about":[{"href":"https:\/\/swarminsights.com\/index.php?rest_route=\/wp\/v2\/types\/page"}],"author":[{"embeddable":true,"href":"https:\/\/swarminsights.com\/index.php?rest_route=\/wp\/v2\/users\/2"}],"replies":[{"embeddable":true,"href":"https:\/\/swarminsights.com\/index.php?rest_route=%2Fwp%2Fv2%2Fcomments&post=1427"}],"version-history":[{"count":13,"href":"https:\/\/swarminsights.com\/index.php?rest_route=\/wp\/v2\/pages\/1427\/revisions"}],"predecessor-version":[{"id":1440,"href":"https:\/\/swarminsights.com\/index.php?rest_route=\/wp\/v2\/pages\/1427\/revisions\/1440"}],"wp:attachment":[{"href":"https:\/\/swarminsights.com\/index.php?rest_route=%2Fwp%2Fv2%2Fmedia&parent=1427"}],"curies":[{"name":"wp","href":"https:\/\/api.w.org\/{rel}","templated":true}]}}